{"id":2627,"date":"2026-03-24T16:07:47","date_gmt":"2026-03-24T15:07:47","guid":{"rendered":"https:\/\/camiagent.com\/?page_id=2627"},"modified":"2026-03-24T16:12:14","modified_gmt":"2026-03-24T15:12:14","slug":"user-data-deletion","status":"publish","type":"page","link":"https:\/\/camiagent.com\/hu\/user-data-deletion\/","title":{"rendered":"User Data Deletion"},"content":{"rendered":"\t\t<div data-elementor-type=\"wp-page\" data-elementor-id=\"2627\" class=\"elementor elementor-2627\" data-elementor-post-type=\"page\">\n\t\t\t\t<div class=\"elementor-element elementor-element-9009b5f e-flex e-con-boxed e-con e-parent\" data-id=\"9009b5f\" data-element_type=\"container\" data-e-type=\"container\" data-settings=\"{&quot;ekit_has_onepagescroll_dot&quot;:&quot;yes&quot;}\">\n\t\t\t\t\t<div class=\"e-con-inner\">\n\t\t\t\t<div class=\"elementor-element elementor-element-4dd56bf elementor-widget elementor-widget-heading\" data-id=\"4dd56bf\" data-element_type=\"widget\" data-e-type=\"widget\" data-settings=\"{&quot;ekit_we_effect_on&quot;:&quot;none&quot;}\" data-widget_type=\"heading.default\">\n\t\t\t\t<div class=\"elementor-widget-container\">\n\t\t\t\t\t<h2 class=\"elementor-heading-title elementor-size-default\">Felhaszn\u00e1l\u00f3i adatok t\u00f6rl\u00e9se<\/h2>\t\t\t\t<\/div>\n\t\t\t\t<\/div>\n\t\t\t\t<div class=\"elementor-element elementor-element-12846ff elementor-widget elementor-widget-text-editor\" data-id=\"12846ff\" data-element_type=\"widget\" data-e-type=\"widget\" data-settings=\"{&quot;ekit_we_effect_on&quot;:&quot;none&quot;}\" data-widget_type=\"text-editor.default\">\n\t\t\t\t<div class=\"elementor-widget-container\">\n\t\t\t\t\t\t\t\t\t<p data-start=\"121\" data-end=\"156\"><strong data-start=\"121\" data-end=\"156\">Utols\u00f3 friss\u00edt\u00e9s: 2026. m\u00e1rcius<\/strong><\/p><p data-start=\"158\" data-end=\"337\">A <strong data-start=\"160\" data-end=\"176\">camiagent.com<\/strong> tiszteletben tartja az \u00d6n jog\u00e1t szem\u00e9lyes adatai feletti rendelkez\u00e9shez. B\u00e1rmikor k\u00e9rheti fi\u00f3kja \u00e9s az ahhoz kapcsol\u00f3d\u00f3 \u00f6sszes szem\u00e9lyes adat v\u00e9gleges t\u00f6rl\u00e9s\u00e9t.<\/p><p data-start=\"339\" data-end=\"624\">T\u00f6rl\u00e9si k\u00e9relem beny\u00fajt\u00e1s\u00e1hoz k\u00e9rj\u00fck, vegye fel vel\u00fcnk a kapcsolatot a <strong data-start=\"410\" data-end=\"437\"><a class=\"decorated-link cursor-pointer\" rel=\"noopener\" data-start=\"412\" data-end=\"435\">dev.camiagent@gmail.com<\/a><\/strong> email c\u00edmen, <em data-start=\"451\" data-end=\"474\">\u201eAdatt\u00f6rl\u00e9si k\u00e9relem\u201d<\/em> t\u00e1rggyal, \u00e9s adja meg a fi\u00f3kj\u00e1hoz tartoz\u00f3 email c\u00edmet. K\u00e9relm\u00e9t <strong data-start=\"539\" data-end=\"557\">30 napon bel\u00fcl<\/strong> feldolgozzuk, \u00e9s a folyamat befejez\u00e9s\u00e9r\u0151l visszaigazol\u00e1st k\u00fcld\u00fcnk.<\/p><p data-start=\"626\" data-end=\"897\">Felh\u00edvjuk figyelm\u00e9t, hogy bizonyos adatokat jogszab\u00e1lyi k\u00f6telezetts\u00e9g vagy jogos \u00fczleti \u00e9rdek (pl. f\u00fcgg\u0151 tranzakci\u00f3k vagy jogi k\u00f6telezetts\u00e9gek) miatt korl\u00e1tozott ideig meg\u0151rizhet\u00fcnk. Az ilyen m\u00f3don meg\u0151rz\u00f6tt adatokat nem haszn\u00e1ljuk marketing- vagy profilalkot\u00e1si c\u00e9lokra.<\/p><p data-start=\"899\" data-end=\"971\">Ha k\u00e9rd\u00e9se van a folyamattal kapcsolatban, forduljon hozz\u00e1nk bizalommal.<\/p>\t\t\t\t\t\t\t\t<\/div>\n\t\t\t\t<\/div>\n\t\t\t\t\t<\/div>\n\t\t\t\t<\/div>\n\t\t\t\t<\/div>\n\t\t","protected":false},"excerpt":{"rendered":"<p>Felhaszn\u00e1l\u00f3i adatok t\u00f6rl\u00e9se Utols\u00f3 friss\u00edt\u00e9s: 2026. m\u00e1rcius A camiagent.com tiszteletben tartja az \u00d6n jog\u00e1t szem\u00e9lyes adatai feletti rendelkez\u00e9shez. B\u00e1rmikor k\u00e9rheti fi\u00f3kja \u00e9s az ahhoz kapcsol\u00f3d\u00f3 \u00f6sszes szem\u00e9lyes adat v\u00e9gleges t\u00f6rl\u00e9s\u00e9t. T\u00f6rl\u00e9si k\u00e9relem beny\u00fajt\u00e1s\u00e1hoz k\u00e9rj\u00fck, vegye fel vel\u00fcnk a kapcsolatot a dev.camiagent@gmail.com email c\u00edmen, \u201eAdatt\u00f6rl\u00e9si k\u00e9relem\u201d t\u00e1rggyal, \u00e9s adja meg a fi\u00f3kj\u00e1hoz tartoz\u00f3 email c\u00edmet. K\u00e9relm\u00e9t [&hellip;]<\/p>\n","protected":false},"author":35,"featured_media":0,"parent":0,"menu_order":0,"comment_status":"closed","ping_status":"closed","template":"","meta":{"footnotes":""},"class_list":["post-2627","page","type-page","status-publish","hentry"],"_links":{"self":[{"href":"https:\/\/camiagent.com\/hu\/wp-json\/wp\/v2\/pages\/2627","targetHints":{"allow":["GET"]}}],"collection":[{"href":"https:\/\/camiagent.com\/hu\/wp-json\/wp\/v2\/pages"}],"about":[{"href":"https:\/\/camiagent.com\/hu\/wp-json\/wp\/v2\/types\/page"}],"author":[{"embeddable":true,"href":"https:\/\/camiagent.com\/hu\/wp-json\/wp\/v2\/users\/35"}],"replies":[{"embeddable":true,"href":"https:\/\/camiagent.com\/hu\/wp-json\/wp\/v2\/comments?post=2627"}],"version-history":[{"count":0,"href":"https:\/\/camiagent.com\/hu\/wp-json\/wp\/v2\/pages\/2627\/revisions"}],"wp:attachment":[{"href":"https:\/\/camiagent.com\/hu\/wp-json\/wp\/v2\/media?parent=2627"}],"curies":[{"name":"wp","href":"https:\/\/api.w.org\/{rel}","templated":true}]}}