{"id":2499,"date":"2025-10-03T08:39:07","date_gmt":"2025-10-03T07:39:07","guid":{"rendered":"https:\/\/camiagent.com\/terms-and-conditions\/"},"modified":"2026-03-24T15:55:27","modified_gmt":"2026-03-24T14:55:27","slug":"terms-and-conditions","status":"publish","type":"page","link":"https:\/\/camiagent.com\/hu\/terms-and-conditions\/","title":{"rendered":"Terms and Conditions"},"content":{"rendered":"\t\t<div data-elementor-type=\"wp-page\" data-elementor-id=\"2499\" class=\"elementor elementor-2499\" data-elementor-post-type=\"page\">\n\t\t\t\t<div class=\"elementor-element elementor-element-c2398cc e-flex e-con-boxed e-con e-parent\" data-id=\"c2398cc\" data-element_type=\"container\" data-e-type=\"container\" data-settings=\"{&quot;ekit_has_onepagescroll_dot&quot;:&quot;yes&quot;}\">\n\t\t\t\t\t<div class=\"e-con-inner\">\n\t\t\t\t<div class=\"elementor-element elementor-element-2db625a elementor-widget elementor-widget-heading\" data-id=\"2db625a\" data-element_type=\"widget\" data-e-type=\"widget\" data-settings=\"{&quot;ekit_we_effect_on&quot;:&quot;none&quot;}\" data-widget_type=\"heading.default\">\n\t\t\t\t<div class=\"elementor-widget-container\">\n\t\t\t\t\t<h1 class=\"elementor-heading-title elementor-size-default\">Szolg\u00e1ltat\u00e1si felt\u00e9telek<\/h1>\t\t\t\t<\/div>\n\t\t\t\t<\/div>\n\t\t\t\t<div class=\"elementor-element elementor-element-8690e88 elementor-widget elementor-widget-text-editor\" data-id=\"8690e88\" data-element_type=\"widget\" data-e-type=\"widget\" data-settings=\"{&quot;ekit_we_effect_on&quot;:&quot;none&quot;}\" data-widget_type=\"text-editor.default\">\n\t\t\t\t<div class=\"elementor-widget-container\">\n\t\t\t\t\t\t\t\t\t<p data-start=\"1010\" data-end=\"1045\"><strong data-start=\"1010\" data-end=\"1045\">Utols\u00f3 friss\u00edt\u00e9s: 2026. m\u00e1rcius<\/strong><\/p><p data-start=\"1047\" data-end=\"1195\">A <strong data-start=\"1049\" data-end=\"1065\">camiagent.com<\/strong> haszn\u00e1lat\u00e1val \u00d6n elfogadja a jelen Szolg\u00e1ltat\u00e1si felt\u00e9teleket. K\u00e9rj\u00fck, a weboldal haszn\u00e1lata el\u0151tt figyelmesen olvassa el azokat.<\/p><p data-start=\"1197\" data-end=\"1419\"><strong data-start=\"1197\" data-end=\"1220\">Az oldal haszn\u00e1lata<\/strong> \u2014 \u00d6n v\u00e1llalja, hogy a weboldalt kiz\u00e1r\u00f3lag jogszer\u0171 c\u00e9lokra haszn\u00e1lja, \u00e9s nem s\u00e9rti m\u00e1sok jogait. Az oldalon tal\u00e1lhat\u00f3 tartalmak jogosulatlan felhaszn\u00e1l\u00e1sa, m\u00e1sol\u00e1sa vagy terjeszt\u00e9se szigor\u00faan tilos.<\/p><p data-start=\"1421\" data-end=\"1587\"><strong data-start=\"1421\" data-end=\"1442\">Szellemi tulajdon<\/strong> \u2014 Az oldalon tal\u00e1lhat\u00f3 valamennyi tartalom, log\u00f3 \u00e9s anyag a <strong data-start=\"1503\" data-end=\"1519\">camiagent.com<\/strong> tulajdona, \u00e9s szerz\u0151i jogi, valamint v\u00e9djegyjogi oltalom alatt \u00e1ll.<\/p><p data-start=\"1589\" data-end=\"1827\"><strong data-start=\"1589\" data-end=\"1615\">Felel\u0151ss\u00e9g korl\u00e1toz\u00e1sa<\/strong> \u2014 T\u00f6reksz\u00fcnk arra, hogy az inform\u00e1ci\u00f3k pontosak \u00e9s naprak\u00e9szek legyenek, azonban nem v\u00e1llalunk garanci\u00e1t azok teljess\u00e9g\u00e9re vagy megb\u00edzhat\u00f3s\u00e1g\u00e1ra. Nem v\u00e1llalunk felel\u0151ss\u00e9get az oldal haszn\u00e1lat\u00e1b\u00f3l ered\u0151 k\u00e1rok\u00e9rt.<\/p><p data-start=\"1829\" data-end=\"2003\"><strong data-start=\"1829\" data-end=\"1854\">Felt\u00e9telek m\u00f3dos\u00edt\u00e1sa<\/strong> \u2014 Fenntartjuk a jogot, hogy a felt\u00e9teleket b\u00e1rmikor m\u00f3dos\u00edtsuk. Az oldal tov\u00e1bbi haszn\u00e1lata a m\u00f3dos\u00edt\u00e1sok k\u00f6zz\u00e9t\u00e9tele ut\u00e1n azok elfogad\u00e1s\u00e1t jelenti.<\/p><p data-start=\"2005\" data-end=\"2079\">K\u00e9rd\u00e9s eset\u00e9n vegye fel vel\u00fcnk a kapcsolatot: <strong data-start=\"2051\" data-end=\"2078\"><a class=\"decorated-link cursor-pointer\" rel=\"noopener\" data-start=\"2053\" data-end=\"2076\">dev.camiagent@gmail.com<\/a><\/strong>.<\/p>\t\t\t\t\t\t\t\t<\/div>\n\t\t\t\t<\/div>\n\t\t\t\t\t<\/div>\n\t\t\t\t<\/div>\n\t\t\t\t<\/div>\n\t\t","protected":false},"excerpt":{"rendered":"<p>Szolg\u00e1ltat\u00e1si felt\u00e9telek Utols\u00f3 friss\u00edt\u00e9s: 2026. m\u00e1rcius A camiagent.com haszn\u00e1lat\u00e1val \u00d6n elfogadja a jelen Szolg\u00e1ltat\u00e1si felt\u00e9teleket. K\u00e9rj\u00fck, a weboldal haszn\u00e1lata el\u0151tt figyelmesen olvassa el azokat. Az oldal haszn\u00e1lata \u2014 \u00d6n v\u00e1llalja, hogy a weboldalt kiz\u00e1r\u00f3lag jogszer\u0171 c\u00e9lokra haszn\u00e1lja, \u00e9s nem s\u00e9rti m\u00e1sok jogait. Az oldalon tal\u00e1lhat\u00f3 tartalmak jogosulatlan felhaszn\u00e1l\u00e1sa, m\u00e1sol\u00e1sa vagy terjeszt\u00e9se szigor\u00faan tilos. Szellemi tulajdon [&hellip;]<\/p>\n","protected":false},"author":1,"featured_media":0,"parent":0,"menu_order":0,"comment_status":"closed","ping_status":"closed","template":"","meta":{"footnotes":""},"class_list":["post-2499","page","type-page","status-publish","hentry"],"_links":{"self":[{"href":"https:\/\/camiagent.com\/hu\/wp-json\/wp\/v2\/pages\/2499","targetHints":{"allow":["GET"]}}],"collection":[{"href":"https:\/\/camiagent.com\/hu\/wp-json\/wp\/v2\/pages"}],"about":[{"href":"https:\/\/camiagent.com\/hu\/wp-json\/wp\/v2\/types\/page"}],"author":[{"embeddable":true,"href":"https:\/\/camiagent.com\/hu\/wp-json\/wp\/v2\/users\/1"}],"replies":[{"embeddable":true,"href":"https:\/\/camiagent.com\/hu\/wp-json\/wp\/v2\/comments?post=2499"}],"version-history":[{"count":0,"href":"https:\/\/camiagent.com\/hu\/wp-json\/wp\/v2\/pages\/2499\/revisions"}],"wp:attachment":[{"href":"https:\/\/camiagent.com\/hu\/wp-json\/wp\/v2\/media?parent=2499"}],"curies":[{"name":"wp","href":"https:\/\/api.w.org\/{rel}","templated":true}]}}