{"id":1134,"date":"2025-09-02T09:21:52","date_gmt":"2025-09-02T09:21:52","guid":{"rendered":"https:\/\/camiagent.com\/?page_id=1134"},"modified":"2025-09-10T17:20:30","modified_gmt":"2025-09-10T16:20:30","slug":"user-dashboard","status":"publish","type":"page","link":"https:\/\/camiagent.com\/hu\/user-dashboard\/","title":{"rendered":"User Dashboard"},"content":{"rendered":"\t\t<div data-elementor-type=\"wp-page\" data-elementor-id=\"1134\" class=\"elementor elementor-1134\" data-elementor-post-type=\"page\">\n\t\t\t\t<div class=\"elementor-element elementor-element-ae89282 e-flex e-con-boxed e-con e-parent\" data-id=\"ae89282\" data-element_type=\"container\" data-e-type=\"container\" data-settings=\"{&quot;ekit_has_onepagescroll_dot&quot;:&quot;yes&quot;}\">\n\t\t\t\t\t<div class=\"e-con-inner\">\n\t\t\t\t<div class=\"elementor-element elementor-element-b885e96 elementor-widget elementor-widget-shortcode\" data-id=\"b885e96\" data-element_type=\"widget\" data-e-type=\"widget\" data-settings=\"{&quot;ekit_we_effect_on&quot;:&quot;none&quot;}\" data-widget_type=\"shortcode.default\">\n\t\t\t\t<div class=\"elementor-widget-container\">\n\t\t\t\t\t\t\t<div class=\"elementor-shortcode\"><p>Please log in to view your dashboard.<\/p><\/div>\n\t\t\t\t\t\t<\/div>\n\t\t\t\t<\/div>\n\t\t\t\t<div class=\"elementor-element elementor-element-28aed04 elementor-widget elementor-widget-shortcode\" data-id=\"28aed04\" data-element_type=\"widget\" data-e-type=\"widget\" data-settings=\"{&quot;ekit_we_effect_on&quot;:&quot;none&quot;}\" data-widget_type=\"shortcode.default\">\n\t\t\t\t<div class=\"elementor-widget-container\">\n\t\t\t\t\t\t\t<div class=\"elementor-shortcode\"><div class=\"cami-ig-tester-list\"><div class=\"cami-ig-tester-item\" style=\"margin:.5em 0\"><a href=\"https:\/\/www.instagram.com\/p\/DOtGJ_wDVyh\/\" target=\"_blank\" rel=\"noopener\">Mire figyelj \u00faj h\u00e1z \u00e9p\u00edt\u00e9s\u00e9n\u00e9l?<\/a><\/div><div class=\"cami-ig-tester-item\" style=\"margin:.5em 0\"><a href=\"https:\/\/www.instagram.com\/p\/DOrPFRADGjz\/\" target=\"_blank\" rel=\"noopener\">Meddig nyomtatunk m\u00e9g?<\/a><\/div><div class=\"cami-ig-tester-item\" style=\"margin:.5em 0\"><a href=\"https:\/\/www.instagram.com\/p\/DOqomaSiOyi\/\" target=\"_blank\" rel=\"noopener\">T\u00e1pl\u00e1l\u00e9kkieg\u00e9sz\u00edt\u0151k hat\u00e1sai, kidobott p\u00e9nz?<\/a><\/div><div class=\"cami-ig-tester-item\" style=\"margin:.5em 0\"><a href=\"https:\/\/www.instagram.com\/p\/DOqF0z1DC5e\/\" target=\"_blank\" rel=\"noopener\">milyen hat\u00e1sssal van r\u00e1nk az \u00f3zon?<\/a><\/div><div class=\"cami-ig-tester-item\" style=\"margin:.5em 0\"><a href=\"https:\/\/www.instagram.com\/p\/DOoOYJLjcGi\/\" target=\"_blank\" rel=\"noopener\">Labubu ! az meg mi?<\/a><\/div><\/div><\/div>\n\t\t\t\t\t\t<\/div>\n\t\t\t\t<\/div>\n\t\t\t\t\t<\/div>\n\t\t\t\t<\/div>\n\t\t\t\t<\/div>\n\t\t","protected":false},"excerpt":{"rendered":"","protected":false},"author":1,"featured_media":0,"parent":0,"menu_order":0,"comment_status":"closed","ping_status":"closed","template":"","meta":{"footnotes":""},"class_list":["post-1134","page","type-page","status-publish","hentry"],"_links":{"self":[{"href":"https:\/\/camiagent.com\/hu\/wp-json\/wp\/v2\/pages\/1134","targetHints":{"allow":["GET"]}}],"collection":[{"href":"https:\/\/camiagent.com\/hu\/wp-json\/wp\/v2\/pages"}],"about":[{"href":"https:\/\/camiagent.com\/hu\/wp-json\/wp\/v2\/types\/page"}],"author":[{"embeddable":true,"href":"https:\/\/camiagent.com\/hu\/wp-json\/wp\/v2\/users\/1"}],"replies":[{"embeddable":true,"href":"https:\/\/camiagent.com\/hu\/wp-json\/wp\/v2\/comments?post=1134"}],"version-history":[{"count":0,"href":"https:\/\/camiagent.com\/hu\/wp-json\/wp\/v2\/pages\/1134\/revisions"}],"wp:attachment":[{"href":"https:\/\/camiagent.com\/hu\/wp-json\/wp\/v2\/media?parent=1134"}],"curies":[{"name":"wp","href":"https:\/\/api.w.org\/{rel}","templated":true}]}}